{"id":118911,"date":"2024-09-23T17:13:20","date_gmt":"2024-09-23T17:13:20","guid":{"rendered":"https:\/\/colicdorotic.hr\/services\/"},"modified":"2025-04-23T16:08:35","modified_gmt":"2025-04-23T16:08:35","slug":"usluge","status":"publish","type":"page","link":"https:\/\/colicdorotic.hr\/hr\/usluge\/","title":{"rendered":"Usluge"},"content":{"rendered":"<div class=\"wpb-content-wrapper\"><p>[vc_row row_height_percent=&#8221;0&#8243; back_color=&#8221;color-xsdn&#8221; overlay_alpha=&#8221;50&#8243; overlay_color_blend=&#8221;multiply&#8221; overlay_animated=&#8221;yes&#8221; overlay_animated_1_color=&#8221;color-uydo&#8221; overlay_animated_2_color=&#8221;color-wvjs&#8221; gutter_size=&#8221;4&#8243; column_width_percent=&#8221;100&#8243; shift_y=&#8221;0&#8243; z_index=&#8221;2&#8243; content_parallax=&#8221;0&#8243; uncode_shortcode_id=&#8221;181098&#8243; overlay_animated_1_color_type=&#8221;uncode-palette&#8221; overlay_animated_2_color_type=&#8221;uncode-palette&#8221; back_color_type=&#8221;uncode-palette&#8221;][vc_column column_width_percent=&#8221;100&#8243; gutter_size=&#8221;2&#8243; overlay_alpha=&#8221;50&#8243; shift_x=&#8221;0&#8243; shift_y=&#8221;0&#8243; shift_y_down=&#8221;0&#8243; z_index=&#8221;0&#8243; medium_width=&#8221;0&#8243; mobile_width=&#8221;0&#8243; width=&#8221;1\/1&#8243; uncode_shortcode_id=&#8221;508542&#8243;][vc_empty_space empty_h=&#8221;3&#8243;][vc_empty_space empty_h=&#8221;3&#8243;][vc_empty_space empty_h=&#8221;3&#8243;][vc_empty_space empty_h=&#8221;3&#8243;][vc_row_inner row_inner_height_percent=&#8221;0&#8243; overlay_alpha=&#8221;50&#8243; gutter_size=&#8221;4&#8243; shift_y=&#8221;0&#8243; z_index=&#8221;0&#8243; uncode_shortcode_id=&#8221;585163&#8243; limit_content=&#8221;&#8221;][vc_column_inner width=&#8221;1\/1&#8243;][vc_custom_heading heading_semantic=&#8221;h3&#8243; text_font=&#8221;font-155585&#8243; text_size=&#8221;h3&#8243; text_transform=&#8221;uppercase&#8221; text_space=&#8221;fontspace-147836&#8243; uncode_shortcode_id=&#8221;171953&#8243;]usluge[\/vc_custom_heading][\/vc_column_inner][\/vc_row_inner][vc_row_inner row_inner_height_percent=&#8221;0&#8243; overlay_alpha=&#8221;50&#8243; gutter_size=&#8221;4&#8243; shift_y=&#8221;0&#8243; z_index=&#8221;0&#8243; uncode_shortcode_id=&#8221;160536&#8243; limit_content=&#8221;&#8221;][vc_column_inner column_width_percent=&#8221;100&#8243; gutter_size=&#8221;3&#8243; overlay_alpha=&#8221;50&#8243; shift_x=&#8221;0&#8243; shift_y=&#8221;0&#8243; shift_y_down=&#8221;0&#8243; z_index=&#8221;0&#8243; medium_width=&#8221;0&#8243; mobile_width=&#8221;0&#8243; width=&#8221;1\/1&#8243; uncode_shortcode_id=&#8221;365655&#8243;][vc_custom_heading text_font=&#8221;font-155585&#8243; uncode_shortcode_id=&#8221;400484&#8243;]<strong>pru\u017eamo kompletan paket usluga specifi\u010dnih za poslovno pravo, koje su organizirane u pet fokusnih grupa.<\/strong> \u0161to god radili, nastojimo na\u0161im klijentima donijeti dodatnu vrijednost i korisni\u010dko iskustvo.[\/vc_custom_heading][\/vc_column_inner][\/vc_row_inner][vc_empty_space empty_h=&#8221;3&#8243;][vc_empty_space empty_h=&#8221;3&#8243;][vc_empty_space empty_h=&#8221;3&#8243;][vc_empty_space empty_h=&#8221;3&#8243;][vc_row_inner row_inner_height_percent=&#8221;0&#8243; overlay_alpha=&#8221;50&#8243; gutter_size=&#8221;5&#8243; shift_y=&#8221;0&#8243; z_index=&#8221;0&#8243; uncode_shortcode_id=&#8221;607550&#8243; limit_content=&#8221;&#8221;][vc_column_inner column_width_percent=&#8221;100&#8243; gutter_size=&#8221;1&#8243; overlay_alpha=&#8221;50&#8243; shift_x=&#8221;0&#8243; shift_y=&#8221;0&#8243; shift_y_down=&#8221;0&#8243; z_index=&#8221;0&#8243; medium_width=&#8221;0&#8243; mobile_width=&#8221;0&#8243; width=&#8221;1\/4&#8243; uncode_shortcode_id=&#8221;159327&#8243;][vc_custom_heading heading_semantic=&#8221;h4&#8243; text_font=&#8221;font-171540&#8243; text_size=&#8221;h4&#8243; text_weight=&#8221;900&#8243; text_transform=&#8221;lowercase&#8221; text_height=&#8221;fontheight-151783&#8243; text_space=&#8221;fontspace-169735&#8243; uncode_shortcode_id=&#8221;189213&#8243;]korporativno, trgova\u010dko i uskla\u0111enost s propisima[\/vc_custom_heading][vc_custom_heading heading_semantic=&#8221;h4&#8243; text_font=&#8221;font-193127&#8243; text_size=&#8221;h4&#8243; text_transform=&#8221;lowercase&#8221; uncode_shortcode_id=&#8221;206660&#8243;]poslovna stru\u010dnost[\/vc_custom_heading][\/vc_column_inner][vc_column_inner column_width_percent=&#8221;100&#8243; gutter_size=&#8221;3&#8243; overlay_alpha=&#8221;50&#8243; shift_x=&#8221;0&#8243; shift_y=&#8221;0&#8243; shift_y_down=&#8221;0&#8243; z_index=&#8221;0&#8243; medium_width=&#8221;0&#8243; mobile_width=&#8221;0&#8243; width=&#8221;3\/4&#8243; uncode_shortcode_id=&#8221;137887&#8243;][vc_column_text uncode_shortcode_id=&#8221;844041&#8243;]pru\u017eamo savjete u podru\u010djima trgova\u010dkog i korporativnog prava. s dugogodi\u0161njim iskustvom u radu s klijentima iz razli\u010ditih industrija, imamo potrebna sektorska znanja koja nam omogu\u0107uju pru\u017eanje nijansiranih i kontekstualiziranih savjeta.[\/vc_column_text][\/vc_column_inner][\/vc_row_inner][vc_empty_space empty_h=&#8221;2&#8243;][vc_row_inner row_inner_height_percent=&#8221;0&#8243; overlay_alpha=&#8221;50&#8243; gutter_size=&#8221;5&#8243; shift_y=&#8221;0&#8243; z_index=&#8221;0&#8243; uncode_shortcode_id=&#8221;607550&#8243; limit_content=&#8221;&#8221;][vc_column_inner column_width_percent=&#8221;100&#8243; gutter_size=&#8221;3&#8243; overlay_alpha=&#8221;50&#8243; shift_x=&#8221;0&#8243; shift_y=&#8221;0&#8243; shift_y_down=&#8221;0&#8243; z_index=&#8221;0&#8243; medium_width=&#8221;0&#8243; mobile_width=&#8221;0&#8243; width=&#8221;1\/4&#8243; uncode_shortcode_id=&#8221;725931&#8243;][\/vc_column_inner][vc_column_inner column_width_percent=&#8221;100&#8243; gutter_size=&#8221;3&#8243; overlay_alpha=&#8221;50&#8243; shift_x=&#8221;0&#8243; shift_y=&#8221;0&#8243; shift_y_down=&#8221;0&#8243; z_index=&#8221;0&#8243; medium_width=&#8221;0&#8243; mobile_width=&#8221;0&#8243; width=&#8221;1\/4&#8243; uncode_shortcode_id=&#8221;137887&#8243;][vc_custom_heading heading_semantic=&#8221;h5&#8243; text_font=&#8221;font-193127&#8243; text_size=&#8221;h5&#8243; text_height=&#8221;fontheight-151783&#8243; uncode_shortcode_id=&#8221;158579&#8243;]korporativno upravljanje<br \/>\nzajedni\u010dki pothvati<br \/>\nventure capital i start-upovi<br \/>\nste\u010daj i korporativne reorganizacije[\/vc_custom_heading][\/vc_column_inner][vc_column_inner width=&#8221;1\/4&#8243;][vc_custom_heading heading_semantic=&#8221;h5&#8243; text_font=&#8221;font-193127&#8243; text_size=&#8221;h5&#8243; text_height=&#8221;fontheight-151783&#8243; uncode_shortcode_id=&#8221;406651&#8243;]trgova\u010dki ugovori<br \/>\nradnopravni ugovori i politike<br \/>\nrestrukturiranja i outsourcing<br \/>\nnepo\u0161tene trgova\u010dke prakse[\/vc_custom_heading][\/vc_column_inner][vc_column_inner width=&#8221;1\/4&#8243;][vc_custom_heading heading_semantic=&#8221;h5&#8243; text_font=&#8221;font-193127&#8243; text_size=&#8221;h5&#8243; text_height=&#8221;fontheight-151783&#8243; uncode_shortcode_id=&#8221;151481&#8243;]za\u0161tita podataka i privatnosti<br \/>\npravo tr\u017ei\u0161nog natjecanja<br \/>\nprijave koncentracija<br \/>\nsprje\u010davanje pranja novca (AML)[\/vc_custom_heading][\/vc_column_inner][\/vc_row_inner][vc_empty_space empty_h=&#8221;3&#8243;][vc_separator sep_color=&#8221;color-lxmt&#8221; uncode_shortcode_id=&#8221;799702&#8243; sep_color_type=&#8221;uncode-palette&#8221;][vc_empty_space empty_h=&#8221;3&#8243;][vc_row_inner row_inner_height_percent=&#8221;0&#8243; overlay_alpha=&#8221;50&#8243; gutter_size=&#8221;5&#8243; shift_y=&#8221;0&#8243; z_index=&#8221;0&#8243; uncode_shortcode_id=&#8221;171401&#8243; limit_content=&#8221;&#8221;][vc_column_inner column_width_percent=&#8221;100&#8243; gutter_size=&#8221;1&#8243; overlay_alpha=&#8221;50&#8243; shift_x=&#8221;0&#8243; shift_y=&#8221;0&#8243; shift_y_down=&#8221;0&#8243; z_index=&#8221;0&#8243; medium_width=&#8221;0&#8243; mobile_width=&#8221;0&#8243; width=&#8221;1\/4&#8243; uncode_shortcode_id=&#8221;544281&#8243;][vc_custom_heading heading_semantic=&#8221;h4&#8243; text_font=&#8221;font-171540&#8243; text_size=&#8221;h4&#8243; text_weight=&#8221;900&#8243; text_transform=&#8221;lowercase&#8221; text_height=&#8221;fontheight-151783&#8243; text_space=&#8221;fontspace-169735&#8243; uncode_shortcode_id=&#8221;266100&#8243;]tehnologije i inovacije[\/vc_custom_heading][vc_custom_heading heading_semantic=&#8221;h4&#8243; text_font=&#8221;font-274246&#8243; text_size=&#8221;h4&#8243; text_transform=&#8221;lowercase&#8221; uncode_shortcode_id=&#8221;994006&#8243;]na vode\u0107em mjestu[\/vc_custom_heading][\/vc_column_inner][vc_column_inner column_width_percent=&#8221;100&#8243; gutter_size=&#8221;3&#8243; overlay_alpha=&#8221;50&#8243; shift_x=&#8221;0&#8243; shift_y=&#8221;0&#8243; shift_y_down=&#8221;0&#8243; z_index=&#8221;0&#8243; medium_width=&#8221;0&#8243; mobile_width=&#8221;0&#8243; width=&#8221;3\/4&#8243; uncode_shortcode_id=&#8221;137887&#8243;][vc_column_text uncode_shortcode_id=&#8221;538314&#8243;]pru\u017eamo savjete u svim pitanjima vezanim uz intelektualno vlasni\u0161tvo (uklju\u010duju\u0107i za\u0161titu autorskih prava, registraciju \u017eigova, izume zaposlenika i za\u0161titu trgova\u010dkih tajni) te pravo informacijskih tehnologija (uklju\u010duju\u0107i saas ugovore, ugovore o licenciranju i izdava\u0161tvu te ugovore o poslovnoj suradnji izme\u0111u pru\u017eatelja softverskih rje\u0161enja).[\/vc_column_text][\/vc_column_inner][\/vc_row_inner][vc_empty_space empty_h=&#8221;2&#8243;][vc_row_inner row_inner_height_percent=&#8221;0&#8243; overlay_alpha=&#8221;50&#8243; gutter_size=&#8221;5&#8243; shift_y=&#8221;0&#8243; z_index=&#8221;0&#8243; uncode_shortcode_id=&#8221;607550&#8243; limit_content=&#8221;&#8221;][vc_column_inner column_width_percent=&#8221;100&#8243; gutter_size=&#8221;3&#8243; overlay_alpha=&#8221;50&#8243; shift_x=&#8221;0&#8243; shift_y=&#8221;0&#8243; shift_y_down=&#8221;0&#8243; z_index=&#8221;0&#8243; medium_width=&#8221;0&#8243; mobile_width=&#8221;0&#8243; width=&#8221;1\/4&#8243; uncode_shortcode_id=&#8221;725931&#8243;][\/vc_column_inner][vc_column_inner column_width_percent=&#8221;100&#8243; gutter_size=&#8221;3&#8243; overlay_alpha=&#8221;50&#8243; shift_x=&#8221;0&#8243; shift_y=&#8221;0&#8243; shift_y_down=&#8221;0&#8243; z_index=&#8221;0&#8243; medium_width=&#8221;0&#8243; mobile_width=&#8221;0&#8243; width=&#8221;1\/4&#8243; uncode_shortcode_id=&#8221;137887&#8243;][vc_custom_heading heading_semantic=&#8221;h5&#8243; text_font=&#8221;font-193127&#8243; text_size=&#8221;h5&#8243; text_height=&#8221;fontheight-151783&#8243; uncode_shortcode_id=&#8221;189491&#8243;]intelektualno vlasni\u0161tvo<br \/>\npravo informacijskih tehnologija<br \/>\nkriptovalute<br \/>\nlicenciranje i ugovori o tehnologiji[\/vc_custom_heading][\/vc_column_inner][vc_column_inner width=&#8221;1\/4&#8243;][vc_custom_heading heading_semantic=&#8221;h5&#8243; text_font=&#8221;font-193127&#8243; text_size=&#8221;h5&#8243; text_height=&#8221;fontheight-151783&#8243; uncode_shortcode_id=&#8221;339496&#8243;]za\u0161tita podataka i privatnosti<br \/>\ngaming<br \/>\n(online) igre na sre\u0107u[\/vc_custom_heading][\/vc_column_inner][vc_column_inner width=&#8221;1\/4&#8243;][vc_custom_heading heading_semantic=&#8221;h5&#8243; text_font=&#8221;font-193127&#8243; text_size=&#8221;h5&#8243; text_height=&#8221;fontheight-151783&#8243; uncode_shortcode_id=&#8221;471104&#8243;]farmaceutska industrija i biomedicinske znanosti<br \/>\npolitike umjetne inteligencije (ai)<br \/>\nugovori s influencerima[\/vc_custom_heading][\/vc_column_inner][\/vc_row_inner][vc_empty_space empty_h=&#8221;3&#8243;][vc_separator sep_color=&#8221;color-lxmt&#8221; uncode_shortcode_id=&#8221;799702&#8243; sep_color_type=&#8221;uncode-palette&#8221;][vc_empty_space empty_h=&#8221;3&#8243;][vc_row_inner row_inner_height_percent=&#8221;0&#8243; overlay_alpha=&#8221;50&#8243; gutter_size=&#8221;5&#8243; shift_y=&#8221;0&#8243; z_index=&#8221;0&#8243; uncode_shortcode_id=&#8221;109584&#8243; limit_content=&#8221;&#8221;][vc_column_inner column_width_percent=&#8221;100&#8243; gutter_size=&#8221;1&#8243; overlay_alpha=&#8221;50&#8243; shift_x=&#8221;0&#8243; shift_y=&#8221;0&#8243; shift_y_down=&#8221;0&#8243; z_index=&#8221;0&#8243; medium_width=&#8221;0&#8243; mobile_width=&#8221;0&#8243; width=&#8221;1\/4&#8243; uncode_shortcode_id=&#8221;293450&#8243;][vc_custom_heading heading_semantic=&#8221;h4&#8243; text_font=&#8221;font-171540&#8243; text_size=&#8221;h4&#8243; text_weight=&#8221;900&#8243; text_transform=&#8221;lowercase&#8221; text_height=&#8221;fontheight-151783&#8243; text_space=&#8221;fontspace-169735&#8243; uncode_shortcode_id=&#8221;214527&#8243;]projekti i transakcije[\/vc_custom_heading][vc_custom_heading heading_semantic=&#8221;h4&#8243; text_font=&#8221;font-193127&#8243; text_size=&#8221;h4&#8243; text_transform=&#8221;lowercase&#8221; uncode_shortcode_id=&#8221;125481&#8243;]\u0161ira slika[\/vc_custom_heading][\/vc_column_inner][vc_column_inner column_width_percent=&#8221;100&#8243; gutter_size=&#8221;3&#8243; overlay_alpha=&#8221;50&#8243; shift_x=&#8221;0&#8243; shift_y=&#8221;0&#8243; shift_y_down=&#8221;0&#8243; z_index=&#8221;0&#8243; medium_width=&#8221;0&#8243; mobile_width=&#8221;0&#8243; width=&#8221;3\/4&#8243; uncode_shortcode_id=&#8221;137887&#8243;][vc_column_text uncode_shortcode_id=&#8221;972132&#8243;]savjetujemo klijente na podru\u010dju m&amp;a transakcija, ugovora o kupoprodaji nekretnina i ostale imovine viskove vrijednosti. na\u0161 pristup objedinjuje pravnu ekspertizu i duboko razumijevanje specifi\u010dnih industrija i lokalnih tr\u017ei\u0161ta, koriste\u0107i najbolje prakse upravljanja projektima kako bi svi bili realizirani prema planiranim bud\u017eetima i rokovima.[\/vc_column_text][\/vc_column_inner][\/vc_row_inner][vc_empty_space empty_h=&#8221;2&#8243;][vc_row_inner row_inner_height_percent=&#8221;0&#8243; overlay_alpha=&#8221;50&#8243; gutter_size=&#8221;5&#8243; shift_y=&#8221;0&#8243; z_index=&#8221;0&#8243; uncode_shortcode_id=&#8221;607550&#8243; limit_content=&#8221;&#8221;][vc_column_inner column_width_percent=&#8221;100&#8243; gutter_size=&#8221;3&#8243; overlay_alpha=&#8221;50&#8243; shift_x=&#8221;0&#8243; shift_y=&#8221;0&#8243; shift_y_down=&#8221;0&#8243; z_index=&#8221;0&#8243; medium_width=&#8221;0&#8243; mobile_width=&#8221;0&#8243; width=&#8221;1\/4&#8243; uncode_shortcode_id=&#8221;725931&#8243;][\/vc_column_inner][vc_column_inner column_width_percent=&#8221;100&#8243; gutter_size=&#8221;3&#8243; overlay_alpha=&#8221;50&#8243; shift_x=&#8221;0&#8243; shift_y=&#8221;0&#8243; shift_y_down=&#8221;0&#8243; z_index=&#8221;0&#8243; medium_width=&#8221;0&#8243; mobile_width=&#8221;0&#8243; width=&#8221;1\/4&#8243; uncode_shortcode_id=&#8221;137887&#8243;][vc_custom_heading heading_semantic=&#8221;h5&#8243; text_font=&#8221;font-193127&#8243; text_size=&#8221;h5&#8243; text_height=&#8221;fontheight-151783&#8243; uncode_shortcode_id=&#8221;426802&#8243;]spajanja i preuzimanja<br \/>\nprivate equity<br \/>\nrazvoj i strukturiranje projekata[\/vc_custom_heading][\/vc_column_inner][vc_column_inner width=&#8221;1\/4&#8243;][vc_custom_heading heading_semantic=&#8221;h5&#8243; text_font=&#8221;font-193127&#8243; text_size=&#8221;h5&#8243; text_height=&#8221;fontheight-151783&#8243; uncode_shortcode_id=&#8221;208093&#8243;]nekretninske transakcije<br \/>\nsale and leaseback ugovori<br \/>\nrazvoj projekata<br \/>\nfinanciranje projekata[\/vc_custom_heading][\/vc_column_inner][vc_column_inner width=&#8221;1\/4&#8243;][vc_custom_heading heading_semantic=&#8221;h5&#8243; text_font=&#8221;font-193127&#8243; text_size=&#8221;h5&#8243; text_height=&#8221;fontheight-151783&#8243; uncode_shortcode_id=&#8221;709701&#8243;]FIDIC ugovori<br \/>\nzakupi[\/vc_custom_heading][\/vc_column_inner][\/vc_row_inner][vc_empty_space empty_h=&#8221;3&#8243;][vc_separator sep_color=&#8221;color-lxmt&#8221; uncode_shortcode_id=&#8221;799702&#8243; sep_color_type=&#8221;uncode-palette&#8221;][vc_empty_space empty_h=&#8221;3&#8243;][vc_row_inner row_inner_height_percent=&#8221;0&#8243; overlay_alpha=&#8221;50&#8243; gutter_size=&#8221;5&#8243; shift_y=&#8221;0&#8243; z_index=&#8221;0&#8243; uncode_shortcode_id=&#8221;158690&#8243; limit_content=&#8221;&#8221;][vc_column_inner column_width_percent=&#8221;100&#8243; gutter_size=&#8221;1&#8243; overlay_alpha=&#8221;50&#8243; shift_x=&#8221;0&#8243; shift_y=&#8221;0&#8243; shift_y_down=&#8221;0&#8243; z_index=&#8221;0&#8243; medium_width=&#8221;0&#8243; mobile_width=&#8221;0&#8243; width=&#8221;1\/4&#8243; uncode_shortcode_id=&#8221;129478&#8243;][vc_custom_heading heading_semantic=&#8221;h4&#8243; text_font=&#8221;font-171540&#8243; text_size=&#8221;h4&#8243; text_weight=&#8221;900&#8243; text_transform=&#8221;lowercase&#8221; text_height=&#8221;fontheight-151783&#8243; text_space=&#8221;fontspace-169735&#8243; uncode_shortcode_id=&#8221;637946&#8243;]rje\u0161avanje sporova[\/vc_custom_heading][vc_custom_heading heading_semantic=&#8221;h4&#8243; text_font=&#8221;font-193127&#8243; text_size=&#8221;h4&#8243; text_transform=&#8221;lowercase&#8221; uncode_shortcode_id=&#8221;654915&#8243;]na va\u0161oj strani[\/vc_custom_heading][\/vc_column_inner][vc_column_inner column_width_percent=&#8221;100&#8243; gutter_size=&#8221;3&#8243; overlay_alpha=&#8221;50&#8243; shift_x=&#8221;0&#8243; shift_y=&#8221;0&#8243; shift_y_down=&#8221;0&#8243; z_index=&#8221;0&#8243; medium_width=&#8221;0&#8243; mobile_width=&#8221;0&#8243; width=&#8221;3\/4&#8243; uncode_shortcode_id=&#8221;137887&#8243;][vc_column_text uncode_shortcode_id=&#8221;182090&#8243;]zastupamo na\u0161e klijente u sporovima pred sudovima, ali i izvan njih. na\u0161 tim ima zavidno iskustvo u rje\u0161avanju kompleksnih dioni\u010darskih i korporativnih sporova.[\/vc_column_text][\/vc_column_inner][\/vc_row_inner][vc_empty_space empty_h=&#8221;2&#8243;][vc_row_inner row_inner_height_percent=&#8221;0&#8243; overlay_alpha=&#8221;50&#8243; gutter_size=&#8221;5&#8243; shift_y=&#8221;0&#8243; z_index=&#8221;0&#8243; uncode_shortcode_id=&#8221;853270&#8243; limit_content=&#8221;&#8221;][vc_column_inner column_width_percent=&#8221;100&#8243; gutter_size=&#8221;3&#8243; overlay_alpha=&#8221;50&#8243; shift_x=&#8221;0&#8243; shift_y=&#8221;0&#8243; shift_y_down=&#8221;0&#8243; z_index=&#8221;0&#8243; medium_width=&#8221;0&#8243; mobile_width=&#8221;0&#8243; width=&#8221;1\/4&#8243; uncode_shortcode_id=&#8221;725931&#8243;][\/vc_column_inner][vc_column_inner column_width_percent=&#8221;100&#8243; gutter_size=&#8221;3&#8243; overlay_alpha=&#8221;50&#8243; shift_x=&#8221;0&#8243; shift_y=&#8221;0&#8243; shift_y_down=&#8221;0&#8243; z_index=&#8221;0&#8243; medium_width=&#8221;0&#8243; mobile_width=&#8221;0&#8243; width=&#8221;1\/4&#8243; uncode_shortcode_id=&#8221;137887&#8243;][vc_custom_heading heading_semantic=&#8221;h5&#8243; text_font=&#8221;font-193127&#8243; text_size=&#8221;h5&#8243; text_height=&#8221;fontheight-151783&#8243; uncode_shortcode_id=&#8221;695480&#8243;]komercijalni i privatni sporovi<br \/>\nsporovi dioni\u010dara[\/vc_custom_heading][\/vc_column_inner][vc_column_inner width=&#8221;1\/4&#8243;][vc_custom_heading heading_semantic=&#8221;h5&#8243; text_font=&#8221;font-193127&#8243; text_size=&#8221;h5&#8243; text_height=&#8221;fontheight-151783&#8243; uncode_shortcode_id=&#8221;715035&#8243;]administrativni postupci<br \/>\nwhite collar crime<br \/>\ninterna istra\u017eivanja[\/vc_custom_heading][\/vc_column_inner][vc_column_inner width=&#8221;1\/4&#8243;][vc_custom_heading heading_semantic=&#8221;h5&#8243; text_font=&#8221;font-193127&#8243; text_size=&#8221;h5&#8243; text_height=&#8221;fontheight-151783&#8243; uncode_shortcode_id=&#8221;227190&#8243;]trgova\u010dka i investicijska arbitra\u017ea<br \/>\nmedijacija[\/vc_custom_heading][\/vc_column_inner][\/vc_row_inner][vc_empty_space empty_h=&#8221;3&#8243;][vc_separator sep_color=&#8221;color-lxmt&#8221; uncode_shortcode_id=&#8221;799702&#8243; sep_color_type=&#8221;uncode-palette&#8221;][vc_empty_space empty_h=&#8221;3&#8243;][vc_row_inner row_inner_height_percent=&#8221;0&#8243; overlay_alpha=&#8221;50&#8243; gutter_size=&#8221;5&#8243; shift_y=&#8221;0&#8243; z_index=&#8221;0&#8243; uncode_shortcode_id=&#8221;125540&#8243; limit_content=&#8221;&#8221;][vc_column_inner column_width_percent=&#8221;100&#8243; gutter_size=&#8221;1&#8243; overlay_alpha=&#8221;50&#8243; shift_x=&#8221;0&#8243; shift_y=&#8221;0&#8243; shift_y_down=&#8221;0&#8243; z_index=&#8221;0&#8243; medium_width=&#8221;0&#8243; mobile_width=&#8221;0&#8243; width=&#8221;1\/4&#8243; uncode_shortcode_id=&#8221;206808&#8243;][vc_custom_heading heading_semantic=&#8221;h4&#8243; text_font=&#8221;font-171540&#8243; text_size=&#8221;h4&#8243; text_weight=&#8221;900&#8243; text_transform=&#8221;lowercase&#8221; text_height=&#8221;fontheight-151783&#8243; text_space=&#8221;fontspace-169735&#8243; uncode_shortcode_id=&#8221;185386&#8243;]upravljanje imovinom[\/vc_custom_heading][vc_custom_heading heading_semantic=&#8221;h4&#8243; text_font=&#8221;font-193127&#8243; text_size=&#8221;h4&#8243; text_transform=&#8221;lowercase&#8221; uncode_shortcode_id=&#8221;349396&#8243;]vi\u0161e od savjetnika[\/vc_custom_heading][\/vc_column_inner][vc_column_inner column_width_percent=&#8221;100&#8243; gutter_size=&#8221;3&#8243; overlay_alpha=&#8221;50&#8243; shift_x=&#8221;0&#8243; shift_y=&#8221;0&#8243; shift_y_down=&#8221;0&#8243; z_index=&#8221;0&#8243; medium_width=&#8221;0&#8243; mobile_width=&#8221;0&#8243; width=&#8221;3\/4&#8243; uncode_shortcode_id=&#8221;137887&#8243;][vc_column_text uncode_shortcode_id=&#8221;381049&#8243;]na\u0161 tim odvjetnika pru\u017ea prilago\u0111ene savjete i strate\u0161ka rje\u0161enja na podru\u010dju upravljanja imovinom, za\u0161tite imovine i planiranja nasljedstva. posve\u0107eni smo za\u0161titi va\u0161ih interesa pri \u010demu mo\u017eete ra\u010dunati na na\u0161u diskreciju i profesionalnost.[\/vc_column_text][\/vc_column_inner][\/vc_row_inner][vc_empty_space empty_h=&#8221;2&#8243;][vc_row_inner row_inner_height_percent=&#8221;0&#8243; overlay_alpha=&#8221;50&#8243; gutter_size=&#8221;5&#8243; shift_y=&#8221;0&#8243; z_index=&#8221;0&#8243; uncode_shortcode_id=&#8221;145919&#8243; limit_content=&#8221;&#8221;][vc_column_inner column_width_percent=&#8221;100&#8243; gutter_size=&#8221;3&#8243; overlay_alpha=&#8221;50&#8243; shift_x=&#8221;0&#8243; shift_y=&#8221;0&#8243; shift_y_down=&#8221;0&#8243; z_index=&#8221;0&#8243; medium_width=&#8221;0&#8243; mobile_width=&#8221;0&#8243; width=&#8221;1\/4&#8243; uncode_shortcode_id=&#8221;725931&#8243;][\/vc_column_inner][vc_column_inner column_width_percent=&#8221;100&#8243; gutter_size=&#8221;3&#8243; overlay_alpha=&#8221;50&#8243; shift_x=&#8221;0&#8243; shift_y=&#8221;0&#8243; shift_y_down=&#8221;0&#8243; z_index=&#8221;0&#8243; medium_width=&#8221;0&#8243; mobile_width=&#8221;0&#8243; width=&#8221;2\/4&#8243; uncode_shortcode_id=&#8221;137887&#8243;][vc_custom_heading heading_semantic=&#8221;h5&#8243; text_font=&#8221;font-193127&#8243; text_size=&#8221;h5&#8243; text_height=&#8221;fontheight-151783&#8243; uncode_shortcode_id=&#8221;185363&#8243;]brinemo se da su va\u0161i interesi za\u0161ti\u0107eni[\/vc_custom_heading][\/vc_column_inner][vc_column_inner width=&#8221;1\/4&#8243;][\/vc_column_inner][\/vc_row_inner][vc_empty_space empty_h=&#8221;5&#8243;][vc_empty_space empty_h=&#8221;5&#8243;][vc_empty_space empty_h=&#8221;5&#8243;][vc_empty_space empty_h=&#8221;5&#8243;][\/vc_column][\/vc_row]<\/p>\n<\/div>","protected":false},"excerpt":{"rendered":"<p>[vc_row row_height_percent=&#8221;0&#8243; back_color=&#8221;color-xsdn&#8221; overlay_alpha=&#8221;50&#8243; overlay_color_blend=&#8221;multiply&#8221; overlay_animated=&#8221;yes&#8221; overlay_animated_1_color=&#8221;color-uydo&#8221; overlay_animated_2_color=&#8221;color-wvjs&#8221; gutter_size=&#8221;4&#8243; column_width_percent=&#8221;100&#8243; shift_y=&#8221;0&#8243; z_index=&#8221;2&#8243; content_parallax=&#8221;0&#8243; uncode_shortcode_id=&#8221;181098&#8243; overlay_animated_1_color_type=&#8221;uncode-palette&#8221; overlay_animated_2_color_type=&#8221;uncode-palette&#8221; back_color_type=&#8221;uncode-palette&#8221;][vc_column column_width_percent=&#8221;100&#8243; gutter_size=&#8221;2&#8243; overlay_alpha=&#8221;50&#8243; [&hellip;]<\/p>\n","protected":false},"author":2,"featured_media":0,"parent":0,"menu_order":0,"comment_status":"closed","ping_status":"closed","template":"","meta":{"footnotes":""},"class_list":["post-118911","page","type-page","status-publish","hentry"],"_links":{"self":[{"href":"https:\/\/colicdorotic.hr\/hr\/wp-json\/wp\/v2\/pages\/118911","targetHints":{"allow":["GET"]}}],"collection":[{"href":"https:\/\/colicdorotic.hr\/hr\/wp-json\/wp\/v2\/pages"}],"about":[{"href":"https:\/\/colicdorotic.hr\/hr\/wp-json\/wp\/v2\/types\/page"}],"author":[{"embeddable":true,"href":"https:\/\/colicdorotic.hr\/hr\/wp-json\/wp\/v2\/users\/2"}],"replies":[{"embeddable":true,"href":"https:\/\/colicdorotic.hr\/hr\/wp-json\/wp\/v2\/comments?post=118911"}],"version-history":[{"count":15,"href":"https:\/\/colicdorotic.hr\/hr\/wp-json\/wp\/v2\/pages\/118911\/revisions"}],"predecessor-version":[{"id":119237,"href":"https:\/\/colicdorotic.hr\/hr\/wp-json\/wp\/v2\/pages\/118911\/revisions\/119237"}],"wp:attachment":[{"href":"https:\/\/colicdorotic.hr\/hr\/wp-json\/wp\/v2\/media?parent=118911"}],"curies":[{"name":"wp","href":"https:\/\/api.w.org\/{rel}","templated":true}]}}